{"id":579,"date":"2026-03-20T22:24:57","date_gmt":"2026-03-20T21:24:57","guid":{"rendered":"http:\/\/www.gruenthal-liebenstein.de\/wordpress\/?page_id=579"},"modified":"2026-03-26T23:27:43","modified_gmt":"2026-03-26T22:27:43","slug":"sonstiges","status":"publish","type":"page","link":"http:\/\/www.gruenthal-liebenstein.de\/wordpress\/?page_id=579","title":{"rendered":"Neuigkeiten"},"content":{"rendered":"\n<h2 class=\"wp-block-heading\"><strong>Bernhard Weber in Liebenstein zum Ehrensch\u00fctzenmeister ernannt<\/strong><\/h2>\n\n\n\n<p>Liebenstein. Die Sch\u00fctzengesellschaft Gr\u00fcnthal ernannte ihren langj\u00e4hrigen ersten Sch\u00fctzenmeister Bernhard Weber zum Ehrensch\u00fctzenmeister. Nach 22 Jahren an der Spitze w\u00fcrdigte ihn der neue Sch\u00fctzenmeister Philipp Z\u00f6lch.<\/p>\n\n\n\n<figure class=\"wp-block-image size-full\"><a href=\"http:\/\/www.gruenthal-liebenstein.de\/wordpress\/wp-content\/uploads\/2026\/03\/grafik.png\" data-rel=\"lightbox-image-0\" data-rl_title=\"\" data-rl_caption=\"\" title=\"\"><img loading=\"lazy\" decoding=\"async\" width=\"945\" height=\"591\" src=\"http:\/\/www.gruenthal-liebenstein.de\/wordpress\/wp-content\/uploads\/2026\/03\/grafik.png\" alt=\"\" class=\"wp-image-585\" srcset=\"http:\/\/www.gruenthal-liebenstein.de\/wordpress\/wp-content\/uploads\/2026\/03\/grafik.png 945w, http:\/\/www.gruenthal-liebenstein.de\/wordpress\/wp-content\/uploads\/2026\/03\/grafik-300x188.png 300w, http:\/\/www.gruenthal-liebenstein.de\/wordpress\/wp-content\/uploads\/2026\/03\/grafik-768x480.png 768w\" sizes=\"auto, (max-width: 945px) 100vw, 945px\" \/><\/a><\/figure>\n\n\n\n<p>1.Gausch\u00fctzenmeister Florian Greil, 1.Sch\u00fctzenmeister Philipp Z\u00f6lch, Ehrensch\u00fctzenmeister Bernhard Weber, 2. Sch\u00fctzenmeisterin Theresa Weidner. Foto: Fabian Rosenberger<\/p>\n\n\n\n<p>Liebenstein: Bei der Sch\u00fctzengesellschaft \u201eGr\u00fcnthal\u201c Liebenstein ist die gro\u00dfe Sch\u00fctzen\u00e4ra vom 1. Sch\u00fctzenmeister Bernhard Weber zu Ende gegangen. Nach 33 Jahren als Mitglied in der Vorstandschaft und davon 22 Jahre als 1. Sch\u00fctzenmeister legte Bernhard Weber nun sein Amt schweren Herzens nieder. Sch\u00fctzenmeister Weber \u00fcbernahm w\u00e4hrend seiner Sch\u00fctzenlaufbahn viele verschiedene \u00c4mter in der Vorstandschaft.<\/p>\n\n\n\n<p><strong>Lange Amtszeit und vielf\u00e4ltige Stationen<\/strong><\/p>\n\n\n\n<p>Im Jahr 1993 wurde Weber zum 1. Jugendleiter gew\u00e4hlt, und dies \u00fcbte er drei Jahre bis 1996 aus. Von 1996 bis 1998 war er als 1. Sportleiter t\u00e4tig. Im M\u00e4rz 1998 wurde er zum 2. Sch\u00fctzenmeister gew\u00e4hlt und war dies sechs Jahre lang bis 2004. In der Zeit von 1994 bis 2003 war Weber zus\u00e4tzlich neun Jahre f\u00fcr den Sch\u00fctzenbezirk Oberpfalz t\u00e4tig: f\u00fcnf Jahre als 1. Bezirksjugendsprecher und vier Jahre als 2. Bezirksjugendleiter und somit auch Mitglied im Bezirkssch\u00fctzenmeisteramt des Sch\u00fctzenbezirks Oberpfalz.<\/p>\n\n\n\n<p><strong>Projekte und Modernisierung<\/strong><\/p>\n\n\n\n<p>Im Februar 2004 wurde Weber zum 1. Sch\u00fctzenmeister gew\u00e4hlt. Dieses Amt \u00fcbte er mit gro\u00dfer Leidenschaft 22 Jahre lang bis M\u00e4rz 2026 aus. W\u00e4hrend seiner Amtszeit als 1. Sch\u00fctzenmeister wurden viele Projekte rund um die Sch\u00fctzengesellschaft geplant und verwirklicht. Gleich zu Beginn seiner Amtszeit wurde mit dem Sch\u00fctzenheimanbau begonnen, und in den zwei darauffolgenden Jahren wurde der Sch\u00fctzenumbau durchgef\u00fchrt.<\/p>\n\n\n\n<p>2007 fand die Einweihung mit einem dreit\u00e4gigen Fest statt. 2011 wurden unter seiner F\u00fchrung das Gauk\u00f6nigsschie\u00dfen mit einer Rekordbeteiligung von 611 Sch\u00fctzen und das 100-j\u00e4hrige Vereinsjubil\u00e4um mit einem viert\u00e4gigen Fest gro\u00df gefeiert. 2020 erfolgte der Abbau der bestehenden Seilzugschie\u00dfanlage, und es wurde eine vollelektronische Schie\u00dfanlage aufgebaut. W\u00e4hrend seiner 22-j\u00e4hrigen F\u00fchrungszeit wurde auch der Schie\u00dfsport komplett auf Pressluftgewehre und -pistolen umgestellt, und mehrere Vereinssportger\u00e4te sowie Ausr\u00fcstung wie Schie\u00dfjacken und -hosen wurden angeschafft. Ein H\u00f6hepunkt seiner Amtszeit war sicherlich auch die Teilnahme mit 55 Mitgliedern seiner Sch\u00fctzengesellschaft am Oktoberfestumzug im September 2024.<\/p>\n\n\n\n<p><strong>Ehrung zum Ehrensch\u00fctzenmeister<\/strong><\/p>\n\n\n\n<p>Nach seiner Amtsniederlegung wurde Bernhard Weber f\u00fcr sein gro\u00dfartiges Wirken zum Ehrensch\u00fctzenmeister der Sch\u00fctzengesellschaft \u201eGr\u00fcnthal\u201c Liebenstein ernannt. Die Ehrung nahm der neue Sch\u00fctzenmeister Philipp Z\u00f6lch in einer langen, ehrenden Laudatio vor. Unter gro\u00dfem, lang anhaltendem Applaus und stehenden Ovationen der anwesenden G\u00e4ste nahm der sichtlich ger\u00fchrte neue Ehrensch\u00fctzenmeister Bernhard Weber die Ernennungsurkunde entgegen.<\/p>\n\n\n\n<p>Ehrensch\u00fctzenmeister Weber bedankte sich bei den anwesenden G\u00e4sten f\u00fcr die gro\u00dfe Ehrung, die ihn sehr stolz macht, und betonte, dass es ihm eine gro\u00dfe Ehre war, 22 Jahre 1. Sch\u00fctzenmeister gewesen sein zu d\u00fcrfen, und dass er ein St\u00fcck der 115-j\u00e4hrigen Vereinsgeschichte mitgestalten durfte. Im Anschluss an die Ehrung wurde noch ein Videofilm mit Bildern des langen Wirkens und seiner verschiedenen Aktivit\u00e4ten w\u00e4hrend der Amtszeit von Weber gezeigt.<\/p>\n\n\n\n<p>Hier der Link zum Zeitungsbericht                                                                                                <a href=\"https:\/\/oberpfalzecho.de\/buntes\/bernhard-weber-in-liebenstein-zum-ehrenschuetzenmeister-ernannt\">https:\/\/oberpfalzecho.de\/buntes\/bernhard-weber-in-liebenstein-zum-ehrenschuetzenmeister-ernannt<\/a><\/p>\n\n\n\n<p><\/p>\n\n\n\n<p><\/p>\n\n\n\n<p><\/p>\n\n\n\n<h2 class=\"wp-block-heading\"><strong>F\u00fchrungswechsel bei der Sch\u00fctzengesellschaft \u201eGr\u00fcnthal\u201d Liebenstein<\/strong><\/h2>\n\n\n\n<figure class=\"wp-block-image size-full\"><a href=\"http:\/\/www.gruenthal-liebenstein.de\/wordpress\/wp-content\/uploads\/2026\/03\/grafik-1.png\" data-rel=\"lightbox-image-1\" data-rl_title=\"\" data-rl_caption=\"\" title=\"\"><img loading=\"lazy\" decoding=\"async\" width=\"951\" height=\"535\" src=\"http:\/\/www.gruenthal-liebenstein.de\/wordpress\/wp-content\/uploads\/2026\/03\/grafik-1.png\" alt=\"\" class=\"wp-image-590\" srcset=\"http:\/\/www.gruenthal-liebenstein.de\/wordpress\/wp-content\/uploads\/2026\/03\/grafik-1.png 951w, http:\/\/www.gruenthal-liebenstein.de\/wordpress\/wp-content\/uploads\/2026\/03\/grafik-1-300x169.png 300w, http:\/\/www.gruenthal-liebenstein.de\/wordpress\/wp-content\/uploads\/2026\/03\/grafik-1-768x432.png 768w\" sizes=\"auto, (max-width: 951px) 100vw, 951px\" \/><\/a><\/figure>\n\n\n\n<p>Stehend von links, 1.Gausch\u00fctzenmeister Florian Greil, Marlon Fehr, Fabian Rosenberger, Emanuel Schmid, Maximilian Schuller, Jonas Bauer, Georg Wurm, Christoph Reichl.<br>Sitzend von links. Claudia Kutzer, 1.Sch\u00fctzenmeister Philipp Z\u00f6lch, Ehrensch\u00fctzenmeister Bernhard Weber, 2. Sch\u00fctzenmeisterin Theresa Weidner, Franziska H\u00f6\u00dfl (Bild: Sonja Fehr)<\/p>\n\n\n\n<p><\/p>\n\n\n\n<p>Am vergangenen Wochenende fand die Jahreshauptversammlung der Sch\u00fctzengesellschaft \u201eGr\u00fcnthal\u201c Liebenstein mit Neuwahlen statt.<br>In seinem Bericht vom 1. Sch\u00fctzenmeister Bernhard Weber blickte er auf die verschiedenen Veranstaltungen wie Starkbierfest, Landkirchweih, Preisschafkopf zur\u00fcck die alle sehr positiv abgelaufen sind.<br>Er blickte auch auf die Vereinsschie\u00dfen wie Nussschie\u00dfen, K\u00f6nigsschie\u00dfen und Kirchweihschie\u00dfen bei denen die Mitglieder zahlreich teilgenommen haben zur\u00fcck.<br>Sportleiterin Claudia Kutzer blickte in Ihrem Bericht auf die Erfolge der aktiven Sch\u00fctzen\/innen bei den verschiedenen Meisterschaften und auf die abgelaufene RWK-Saison zur\u00fcck und betonte dass man in der Saison 25\/26 zwei Meistertitel durch die 1. und 2. LG-Mannschaft feiern darf.<br>Leider ist aber auch der Abstieg der 1. LP-Mannschaft aus der Bezirksliga zu bedauern.<br>Kassier Jonas Bauer gab einen Einblick auf die Finanzlage des Vereins und betonte dass der Verein trotz der vielen Ausgaben auf einem guten Fundament steht.<br>Beim Tagespunkt Neuwahlen \u00fcbernahm 1. Gausch\u00fctzenmeister Florian Greil die Wahlleitung und begr\u00fc\u00dfte alle anwesenden G\u00e4ste und erw\u00e4hnte dass die Sch\u00fctzengesellschaft \u201eGr\u00fcnthal\u201c stolz auf Ihre Vereinsf\u00fchrung und starke Sch\u00fctzenjugend sein darf.<br>Da 1. Sch\u00fctzenmeister Bernhard Weber nach 22 Jahren nicht mehr f\u00fcr das Amt bereitstand, kam es zu einem F\u00fchrungswechsel an der Vereinsspitze.<br>Das Ergebnis der Neuwahlen.<br>1. Sch\u00fctzenmeister Philipp Z\u00f6lch, 2. Sch\u00fctzenmeisterin Theresa Weidner.<br>1. Sportleiterin Claudia Kutzer, 2. Sportleiter Maximilian Schuller.<br>1. Schatzmeister Jonas Bauer, 2. Schatzmeister Emanuel Schmid.<br>1. Schriftf\u00fchrer Fabian Rosenberger, 2. Schriftf\u00fchrer Bernhard Ziegler,<br>Beisitzer: Christoph Reichl, Georg Wurm, Marlon Fehr.<br>Jugendleiterin Franziska H\u00f6\u00dfl.<br>Kassenpr\u00fcfer: Wolfgang Gmeiner und Martin Schmid.<br>Der neugew\u00e4hlte 1. Sch\u00fctzenmeister Philipp Z\u00f6lch gab noch verschiedene Termine f\u00fcr das Jahr 2026 bekannt und bedankte sich bei Weber f\u00fcr seine geleistete Arbeit in den vergangenen 22 Jahren.<\/p>\n\n\n\n<p><\/p>\n\n\n\n<div class=\"wp-block-group\"><div class=\"wp-block-group__inner-container is-layout-constrained wp-block-group-is-layout-constrained\">\n<ul class=\"wp-block-list\">\n<li>Link zum Zeitungsbericht<\/li>\n\n\n\n<li><a href=\"https:\/\/oberpfalzdaheim.de\/fuehrungswechsel-bei-der-schuetzengesellschaft-gruenthal-liebenstein\/cnt-id-ps-21910003-1fd3-45fc-9b5e-d3adef981564\">https:\/\/oberpfalzdaheim.de\/fuehrungswechsel-bei-der-schuetzengesellschaft-gruenthal-liebenstein\/cnt-id-ps-21910003-1fd3-45fc-9b5e-d3adef981564<\/a><\/li>\n<\/ul>\n<\/div><\/div>\n\n\n\n<p><\/p>\n","protected":false},"excerpt":{"rendered":"<p>Bernhard Weber in Liebenstein zum Ehrensch\u00fctzenmeister ernannt Liebenstein. Die Sch\u00fctzengesellschaft Gr\u00fcnthal ernannte ihren langj\u00e4hrigen ersten Sch\u00fctzenmeister Bernhard Weber zum Ehrensch\u00fctzenmeister. Nach 22 Jahren an der Spitze w\u00fcrdigte ihn der neue Sch\u00fctzenmeister Philipp Z\u00f6lch. 1.Gausch\u00fctzenmeister Florian Greil, 1.Sch\u00fctzenmeister Philipp Z\u00f6lch, Ehrensch\u00fctzenmeister &hellip; <a href=\"http:\/\/www.gruenthal-liebenstein.de\/wordpress\/?page_id=579\">Weiterlesen <span class=\"meta-nav\">&rarr;<\/span><\/a><\/p>\n","protected":false},"author":2,"featured_media":0,"parent":0,"menu_order":0,"comment_status":"closed","ping_status":"closed","template":"","meta":{"footnotes":""},"class_list":["post-579","page","type-page","status-publish","hentry"],"_links":{"self":[{"href":"http:\/\/www.gruenthal-liebenstein.de\/wordpress\/index.php?rest_route=\/wp\/v2\/pages\/579","targetHints":{"allow":["GET"]}}],"collection":[{"href":"http:\/\/www.gruenthal-liebenstein.de\/wordpress\/index.php?rest_route=\/wp\/v2\/pages"}],"about":[{"href":"http:\/\/www.gruenthal-liebenstein.de\/wordpress\/index.php?rest_route=\/wp\/v2\/types\/page"}],"author":[{"embeddable":true,"href":"http:\/\/www.gruenthal-liebenstein.de\/wordpress\/index.php?rest_route=\/wp\/v2\/users\/2"}],"replies":[{"embeddable":true,"href":"http:\/\/www.gruenthal-liebenstein.de\/wordpress\/index.php?rest_route=%2Fwp%2Fv2%2Fcomments&post=579"}],"version-history":[{"count":10,"href":"http:\/\/www.gruenthal-liebenstein.de\/wordpress\/index.php?rest_route=\/wp\/v2\/pages\/579\/revisions"}],"predecessor-version":[{"id":598,"href":"http:\/\/www.gruenthal-liebenstein.de\/wordpress\/index.php?rest_route=\/wp\/v2\/pages\/579\/revisions\/598"}],"wp:attachment":[{"href":"http:\/\/www.gruenthal-liebenstein.de\/wordpress\/index.php?rest_route=%2Fwp%2Fv2%2Fmedia&parent=579"}],"curies":[{"name":"wp","href":"https:\/\/api.w.org\/{rel}","templated":true}]}}