{"id":27,"date":"2016-06-09T17:17:38","date_gmt":"2016-06-09T15:17:38","guid":{"rendered":"http:\/\/www.gruenthal-liebenstein.de\/wordpress\/?page_id=27"},"modified":"2026-03-26T23:20:46","modified_gmt":"2026-03-26T22:20:46","slug":"der-verein","status":"publish","type":"page","link":"http:\/\/www.gruenthal-liebenstein.de\/wordpress\/?page_id=27","title":{"rendered":"Der Verein"},"content":{"rendered":"<p class=\"bodytext\">Sch\u00fctzengesellschaft &#8222;Gr\u00fcnthal&#8220; Liebenstein e.V.<\/p>\n<p class=\"bodytext\">Postanschrift:<\/p>\n<p class=\"bodytext\">Philipp Z\u00f6lch<br \/>Liebenstein 27<br \/>95703 Pl\u00f6\u00dfberg<\/p>\n<div class=\"csc-header csc-header-n2\">\n<h2><strong>Die Vorstandschaft<\/strong><\/h2>\n<p><a href=\"http:\/\/www.gruenthal-liebenstein.de\/wordpress\/wp-content\/uploads\/2026\/03\/WhatsApp-Image-2026-03-14-at-22.32.36.jpeg\" data-rel=\"lightbox-image-0\" data-rl_title=\"\" data-rl_caption=\"\" title=\"\"><img loading=\"lazy\" decoding=\"async\" class=\"alignnone  wp-image-594\" src=\"http:\/\/www.gruenthal-liebenstein.de\/wordpress\/wp-content\/uploads\/2026\/03\/WhatsApp-Image-2026-03-14-at-22.32.36-300x200.jpeg\" alt=\"\" width=\"354\" height=\"236\" srcset=\"http:\/\/www.gruenthal-liebenstein.de\/wordpress\/wp-content\/uploads\/2026\/03\/WhatsApp-Image-2026-03-14-at-22.32.36-300x200.jpeg 300w, http:\/\/www.gruenthal-liebenstein.de\/wordpress\/wp-content\/uploads\/2026\/03\/WhatsApp-Image-2026-03-14-at-22.32.36-1024x683.jpeg 1024w, http:\/\/www.gruenthal-liebenstein.de\/wordpress\/wp-content\/uploads\/2026\/03\/WhatsApp-Image-2026-03-14-at-22.32.36-768x512.jpeg 768w, http:\/\/www.gruenthal-liebenstein.de\/wordpress\/wp-content\/uploads\/2026\/03\/WhatsApp-Image-2026-03-14-at-22.32.36-1536x1024.jpeg 1536w, http:\/\/www.gruenthal-liebenstein.de\/wordpress\/wp-content\/uploads\/2026\/03\/WhatsApp-Image-2026-03-14-at-22.32.36.jpeg 2048w\" sizes=\"auto, (max-width: 354px) 100vw, 354px\" \/><\/a><\/p>\n<h5>Bild: Sonja Fehr<\/h5>\n<\/div>\n<h3>\u00a0<\/h3>\n<h3 class=\"csc-textpic csc-textpic-center csc-textpic-above csc-textpic-border csc-textpic-equalheight\">Das Ergebnis der Neuwahlen ergab folgende Besetzung.<\/h3>\n<p>1. Sch\u00fctzenmeister Phillip Z\u00f6lch<br \/>2. Sch\u00fctzenmeister Theresa Weidner<br \/>1. Sportleiterin Claudia Kutzer<br \/>2. Sportleiter Maximilian Schuller<br \/>1. Kassier Jonas Bauer<br \/>2. Kassier Emanuel Schmid<br \/>1. Schriftf\u00fchrer Fabian Rosenberger<br \/>2. Schriftf\u00fchrer Bernhard Ziegler<br \/>Beisitzer: Christoph Reichl<br \/>Beisitzer: Georg Wurm<br \/>Beisitzerin: Marlon Fehr<br \/>Jugendleiterin: Franziska H\u00f6\u00dfl<br \/>Kassenpr\u00fcfer: Martin Schmid und Wolfgang Gmeiner (nicht auf den Bild)<\/p>\n<div id=\"c162\" class=\"csc-default\">\n<div class=\"csc-header csc-header-n3\">\n<h2><strong>\u00dcber uns<\/strong><\/h2>\n<\/div>\n<div>\n<p class=\"bodytext\"><b>Unsere Disziplinen<\/b>: Luftgewehr, Luftpistole und 5-sch\u00fc\u00dfige Luftpistole sowie Lichtgewehr und Lichtpistole<br \/>In unserem Sch\u00fctzenhaus haben wir 8 Elektronische Schie\u00dfst\u00e4nde.<br \/><b>Trainingszeiten<\/b>:\u00a0Mittwoch und Freitag ab 20.00 Uhr<\/p>\n<\/div>\n<\/div>\n<div id=\"c314\" class=\"csc-default\">\n<div class=\"csc-header csc-header-n4\">\n<h2><strong>Aufnahme-Antrag<\/strong><\/h2>\n<p>Falls Sie Interesse haben, der SG beizutreten, hier k\u00f6nnen Sie den Aufnahme-Antrag herunterladen:<\/p>\n<p><a href=\"http:\/\/www.gruenthal-liebenstein.de\/wordpress\/wp-content\/uploads\/2022\/04\/Beitrittserklaerung.pdf\" target=\"_blank\" rel=\"noopener\">Beitrittserkl\u00e4rung<\/a><\/p>\n<\/div>\n<div class=\"csc-textpic csc-textpic-center csc-textpic-below csc-textpic-border csc-textpic-equalheight\">\n<div class=\"csc-textpic-text\">\n<div class=\"csc-textpic-imagewrap\">\u00a0<\/div>\n<\/div>\n<h2><strong>Das Sch\u00fctzenheim<\/strong><a href=\"http:\/\/www.gruenthal-liebenstein.de\/wordpress\/wp-content\/uploads\/2025\/04\/DSC00907-scaled.jpg\" data-rel=\"lightbox-image-1\" data-rl_title=\"\" data-rl_caption=\"\" title=\"\"><br \/><img loading=\"lazy\" decoding=\"async\" class=\"wp-image-517 alignleft\" src=\"http:\/\/www.gruenthal-liebenstein.de\/wordpress\/wp-content\/uploads\/2025\/04\/DSC00907-300x200.jpg\" alt=\"\" width=\"212\" height=\"141\" srcset=\"http:\/\/www.gruenthal-liebenstein.de\/wordpress\/wp-content\/uploads\/2025\/04\/DSC00907-300x200.jpg 300w, http:\/\/www.gruenthal-liebenstein.de\/wordpress\/wp-content\/uploads\/2025\/04\/DSC00907-1024x683.jpg 1024w, http:\/\/www.gruenthal-liebenstein.de\/wordpress\/wp-content\/uploads\/2025\/04\/DSC00907-768x512.jpg 768w, http:\/\/www.gruenthal-liebenstein.de\/wordpress\/wp-content\/uploads\/2025\/04\/DSC00907-1536x1024.jpg 1536w, http:\/\/www.gruenthal-liebenstein.de\/wordpress\/wp-content\/uploads\/2025\/04\/DSC00907-2048x1365.jpg 2048w\" sizes=\"auto, (max-width: 212px) 100vw, 212px\" \/><\/a><\/h2>\n<div class=\"csc-textpic csc-textpic-center csc-textpic-above\">\n<div class=\"csc-textpic-imagewrap\">\n<p><a href=\"http:\/\/www.gruenthal-liebenstein.de\/cms\/typo3temp\/pics\/d97dd371e7.jpg\" rel=\"lightbox[presentlb196]\" data-rel=\"lightbox-image-2\" data-rl_title=\"\" data-rl_caption=\"\" title=\"\"><img loading=\"lazy\" decoding=\"async\" class=\"alignnone\" src=\"http:\/\/www.gruenthal-liebenstein.de\/cms\/typo3temp\/pics\/55fa9bc326.jpg\" alt=\"\" width=\"190\" height=\"143\" border=\"0\" \/><\/a><a href=\"http:\/\/www.gruenthal-liebenstein.de\/cms\/typo3temp\/pics\/c4269a3ee3.jpg\" rel=\"lightbox[presentlb196]\" data-rel=\"lightbox-image-3\" data-rl_title=\"\" data-rl_caption=\"\" title=\"\"><img loading=\"lazy\" decoding=\"async\" class=\"\" src=\"http:\/\/www.gruenthal-liebenstein.de\/cms\/typo3temp\/pics\/cafb994b62.jpg\" alt=\"\" width=\"190\" height=\"143\" border=\"0\" \/><\/a><a href=\"http:\/\/www.gruenthal-liebenstein.de\/wordpress\/wp-content\/uploads\/2025\/04\/DSC00874-scaled.jpg\" data-rel=\"lightbox-image-4\" data-rl_title=\"\" data-rl_caption=\"\" title=\"\"><img loading=\"lazy\" decoding=\"async\" class=\"alignnone  wp-image-516\" src=\"http:\/\/www.gruenthal-liebenstein.de\/wordpress\/wp-content\/uploads\/2025\/04\/DSC00874-300x200.jpg\" alt=\"\" width=\"214\" height=\"142\" srcset=\"http:\/\/www.gruenthal-liebenstein.de\/wordpress\/wp-content\/uploads\/2025\/04\/DSC00874-300x200.jpg 300w, http:\/\/www.gruenthal-liebenstein.de\/wordpress\/wp-content\/uploads\/2025\/04\/DSC00874-1024x683.jpg 1024w, http:\/\/www.gruenthal-liebenstein.de\/wordpress\/wp-content\/uploads\/2025\/04\/DSC00874-768x512.jpg 768w, http:\/\/www.gruenthal-liebenstein.de\/wordpress\/wp-content\/uploads\/2025\/04\/DSC00874-1536x1024.jpg 1536w, http:\/\/www.gruenthal-liebenstein.de\/wordpress\/wp-content\/uploads\/2025\/04\/DSC00874-2048x1365.jpg 2048w\" sizes=\"auto, (max-width: 214px) 100vw, 214px\" \/><\/a><\/p>\n<\/div>\n<\/div>\n<\/div>\n<\/div>\n\n\n<p><\/p>\n","protected":false},"excerpt":{"rendered":"<p>Sch\u00fctzengesellschaft &#8222;Gr\u00fcnthal&#8220; Liebenstein e.V. Postanschrift: Philipp Z\u00f6lchLiebenstein 2795703 Pl\u00f6\u00dfberg Die Vorstandschaft Bild: Sonja Fehr \u00a0 Das Ergebnis der Neuwahlen ergab folgende Besetzung. 1. Sch\u00fctzenmeister Phillip Z\u00f6lch2. Sch\u00fctzenmeister Theresa Weidner1. Sportleiterin Claudia Kutzer2. Sportleiter Maximilian Schuller1. Kassier Jonas Bauer2. Kassier Emanuel &hellip; <a href=\"http:\/\/www.gruenthal-liebenstein.de\/wordpress\/?page_id=27\">Weiterlesen <span class=\"meta-nav\">&rarr;<\/span><\/a><\/p>\n","protected":false},"author":1,"featured_media":0,"parent":0,"menu_order":0,"comment_status":"closed","ping_status":"closed","template":"","meta":{"footnotes":""},"class_list":["post-27","page","type-page","status-publish","hentry"],"_links":{"self":[{"href":"http:\/\/www.gruenthal-liebenstein.de\/wordpress\/index.php?rest_route=\/wp\/v2\/pages\/27","targetHints":{"allow":["GET"]}}],"collection":[{"href":"http:\/\/www.gruenthal-liebenstein.de\/wordpress\/index.php?rest_route=\/wp\/v2\/pages"}],"about":[{"href":"http:\/\/www.gruenthal-liebenstein.de\/wordpress\/index.php?rest_route=\/wp\/v2\/types\/page"}],"author":[{"embeddable":true,"href":"http:\/\/www.gruenthal-liebenstein.de\/wordpress\/index.php?rest_route=\/wp\/v2\/users\/1"}],"replies":[{"embeddable":true,"href":"http:\/\/www.gruenthal-liebenstein.de\/wordpress\/index.php?rest_route=%2Fwp%2Fv2%2Fcomments&post=27"}],"version-history":[{"count":18,"href":"http:\/\/www.gruenthal-liebenstein.de\/wordpress\/index.php?rest_route=\/wp\/v2\/pages\/27\/revisions"}],"predecessor-version":[{"id":596,"href":"http:\/\/www.gruenthal-liebenstein.de\/wordpress\/index.php?rest_route=\/wp\/v2\/pages\/27\/revisions\/596"}],"wp:attachment":[{"href":"http:\/\/www.gruenthal-liebenstein.de\/wordpress\/index.php?rest_route=%2Fwp%2Fv2%2Fmedia&parent=27"}],"curies":[{"name":"wp","href":"https:\/\/api.w.org\/{rel}","templated":true}]}}